{"id":27930,"date":"2025-09-15T18:13:23","date_gmt":"2025-09-15T17:13:23","guid":{"rendered":"https:\/\/www.pestmed.it\/eventi-2026\/"},"modified":"2025-10-22T22:35:25","modified_gmt":"2025-10-22T21:35:25","slug":"evenements-2026","status":"publish","type":"page","link":"https:\/\/www.pestmed.it\/fr\/evenements-2026\/","title":{"rendered":"\u00c9v\u00e9nements 2026"},"content":{"rendered":"<section class=\"wpb-content-wrapper\"><p>[vc_row][vc_column width=&#8221;1\/2&#8243;][vc_column_text]<\/p>\n<h3><span style=\"color: #ff6600;\"><b>CONF\u00c9RENCES, ATELIERS ET ESPACES DE D\u00c9MONSTRATION<\/b><\/span><\/h3>\n<p><span style=\"font-weight: 400;\">La troisi\u00e8me \u00e9dition de PestMed, en plus de r\u00e9affirmer son orientation sur les principaux sujets commerciaux et \u00e9ducatifs du secteur, propose des mises \u00e0 jour et des pr\u00e9sentations sur de NOUVEAUX SUJETS d&#8217;int\u00e9r\u00eat national et international.<\/span><\/p>\n<p><span style=\"font-weight: 400;\">L&#8217;\u00e9dition 2026 de PestMed Expo propose donc un programme complet<span style=\"font-weight: 400;\"> de r\u00e9unions d&#8217;affaires, de conf\u00e9rences d&#8217;information et de formations sur les actualit\u00e9s et les tendances de la lutte antiparasitaire et de l&#8217;assainissement, avec un accent particulier sur l&#8217;innovation. #ff6600;&#8221;&gt;&nbsp;<\/span>et&nbsp;<\/span><span style=\"color: #ff6600;\"><b>durabilit\u00e9<\/b><\/span><span style=\"font-weight: 400;\">, \u00e9galement pour cette \u00e9dition sous la direction du&nbsp;<\/span><b>coordinateur scientifique<\/b><span style=\"font-weight: 400;\">du magazine \u00ab<\/span><a href=\"https:\/\/www.as-magazine.it\/\"><span style=\"font-weight: 400;\">AS-Ambienti Sani<\/span><\/a><span style=\"font-weight: 400;\">\u00bb,&nbsp;<\/span><b>Davide Di Domenico&nbsp;<\/b><span style=\"font-weight: 400;\">(Biologiste-entomologiste Ph.D., expert en \u00e9cologie urbaine).<\/span><\/p>\n<p>Les conf\u00e9rences, ateliers et expos\u00e9s porteront sur les principaux sujets et secteurs de produits de l&#8217;industrie, offrant des informations techniques, r\u00e9glementaires et applicatives approfondies.[\/vc_column_text][\/vc_column][vc_column width=&#8221;1\/2&#8243;][vc_single_image image=&#8221;17550&#8243; img_size=&#8221;full&#8221; alignment=&#8221;center&#8221;][\/vc_column][\/vc_row][vc_row tz_row_type=&#8221;boxed&#8221; full_width=&#8221;stretch_row_content_no_spaces&#8221; equal_height=&#8221;yes&#8221; content_placement=&#8221;top&#8221; css=&#8221;.vc_custom_1757957396332{margin-top: 80px !important;}&#8221;][vc_column width=&#8221;1\/3&#8243; css=&#8221;.vc_custom_1757956731254{background-color: #ededed !important;border-radius: 2px !important;}&#8221;][vc_column_text css_animation=&#8221;fadeIn&#8221; css=&#8221;.vc_custom_1761168785607{padding-top: 0px !important;padding-right: 40px !important;padding-bottom: 20px !important;padding-left: 40px !important;background-color: #ededed !important;border-radius: 2px !important;}&#8221;]<span style=\"color: #ff6600;\"><b>LUTTE ANTIPARASITAIRE PROFESSIONNELLE<\/b><\/span><b><br \/>\n<\/b><span style=\"font-weight: 400;\">Ce sujet cl\u00e9 sera abord\u00e9 lors de pr\u00e9sentations sur la lutte antiparasitaire en milieu urbain et r\u00e9sidentiel, avec des experts de l&#8217;Universit\u00e9 de Catane, de l&#8217;Universit\u00e9 de Bologne et du CREA. Parmi les sujets abord\u00e9s, une attention particuli\u00e8re sera port\u00e9e aux aspects li\u00e9s \u00e0 l&#8217;environnement urbain, notamment aux insectes utiles et aux esp\u00e8ces exotiques envahissantes.<\/span>[\/vc_column_text][\/vc_column][vc_column width=&#8221;1\/3&#8243; css=&#8221;.vc_custom_1757957050185{background-color: #ededed !important;border-radius: 2px !important;}&#8221;][vc_column_text css_animation=&#8221;fadeIn&#8221; css=&#8221;.vc_custom_1761168798554{padding-top: 0px !important;padding-right: 40px !important;padding-bottom: 20px !important;padding-left: 40px !important;background-color: #ededed !important;border-radius: 2px !important;}&#8221;]<span style=\"color: #ff6600;\"><b>CONSTRUCTION PUBLIQUE ET PRIV\u00c9E<\/b><\/span><b><br \/>\n<\/b><span style=\"font-weight: 400;\">Un environnement sain est une exigence fondamentale, tant lors de la construction que de la r\u00e9novation. En particulier dans les lieux publics tels que les \u00e9coles, les h\u00f4pitaux et les bureaux, les activit\u00e9s d&#8217;assainissement et de d\u00e9sinsectisation font partie int\u00e9grante de la maintenance.<\/span><span style=\"font-weight: 400;\"><br \/>\n<\/span><span style=\"font-weight: 400;\">La grande nouveaut\u00e9 de cette ann\u00e9e sera l&#8217;accent mis sur les maladies du b\u00e2timent,<span style=\"font-weight: 400;\">avec des experts de renom pr\u00e9sentant des m\u00e9thodes innovantes et des solutions de pointe.<\/span><span style=\"font-weight: 400;\"><br \/>\n<\/span><\/span><\/p>\n<p>&nbsp;[\/vc_column_text][\/vc_column][vc_column width=&#8221;1\/3&#8243; css=&#8221;.vc_custom_1757956750112{background-color: #ededed !important;border-radius: 2px !important;}&#8221;][vc_column_text css_animation=&#8221;fadeIn&#8221; css=&#8221;.vc_custom_1761168813084{padding-top: 0px !important;padding-right: 40px !important;padding-bottom: 20px !important;padding-left: 40px !important;background-color: #ededed !important;border-radius: 2px !important;}&#8221;]<span style=\"color: #ff6600;\"><b>TOURISME \u2013 H\u00d4TELLERIE \u2013 H.O.R.E.C.<\/b><\/span><b><br \/>\n<\/b><span style=\"font-weight: 400;\">Des pr\u00e9sentations sp\u00e9cialis\u00e9es et des discussions approfondies sur le tourisme et l&#8217;h\u00f4tellerie, avec un accent particulier sur le secteur H.O.R.E.C., porteront sur la gestion de l&#8217;hygi\u00e8ne et de la salubrit\u00e9 des environnements h\u00f4teliers, afin de prot\u00e9ger les usagers et les op\u00e9rateurs. Les nouveaux protocoles et r\u00e9glementations en mati\u00e8re d&#8217;hygi\u00e8ne et de salubrit\u00e9 seront explor\u00e9s en profondeur afin de garantir une parfaite connaissance des nouvelles r\u00e9glementations par les professionnels du secteur.<\/span><span style=\"font-weight: 400;\"><br \/>\n<\/span>[\/vc_column_text][\/vc_column][\/vc_row][vc_row tz_row_type=&#8221;boxed&#8221; full_width=&#8221;stretch_row_content_no_spaces&#8221; equal_height=&#8221;yes&#8221; content_placement=&#8221;top&#8221; css=&#8221;.vc_custom_1757957403646{margin-top: 80px !important;}&#8221;][vc_column width=&#8221;1\/3&#8243; css=&#8221;.vc_custom_1757956731254{background-color: #ededed !important;border-radius: 2px !important;}&#8221;][vc_column_text css_animation=&#8221;fadeIn&#8221; css=&#8221;.vc_custom_1761168826315{padding-top: 0px !important;padding-right: 40px !important;padding-bottom: 20px !important;padding-left: 40px !important;background-color: #ededed !important;border-radius: 2px !important;}&#8221;]<span style=\"color: #ff6600;\"><b>INSTITUTIONS, ADMINISTRATION FONCI\u00c8RE ET ESPACES VERTS PUBLICS<\/b><b><br \/>\n<\/b><\/span><span style=\"font-weight: 400;\">Le r\u00f4le fondamental de la lutte antiparasitaire et de l&#8217;assainissement dans la gestion des espaces publics et la protection de l&#8217;environnement urbain et rural sera explor\u00e9. Parmi les sujets abord\u00e9s, une attention particuli\u00e8re sera port\u00e9e \u00e0 l&#8217;utilisation de m\u00e9thodes durables, respectueuses des r\u00e9glementations environnementales, garantissant la protection des \u00e9cosyst\u00e8mes urbains et de la sant\u00e9 publique.<\/span>[\/vc_column_text][\/vc_column][vc_column width=&#8221;1\/3&#8243; css=&#8221;.vc_custom_1757957050185{background-color: #ededed !important;border-radius: 2px !important;}&#8221;][vc_column_text css_animation=&#8221;fadeIn&#8221; css=&#8221;.vc_custom_1761168838915{padding-top: 0px !important;padding-right: 40px !important;padding-bottom: 20px !important;padding-left: 40px !important;background-color: #ededed !important;border-radius: 2px !important;}&#8221;]<\/p>\n<p><span style=\"color: #ff6600;\"><b>RESTAURANT COLLECTIF ET GRANDE DISTRIBUTION<\/b><\/span><b><br \/>\n<\/b><span style=\"font-weight: 400;\">Un accent particulier sera mis sur le secteur agroalimentaire, la restauration collective et la fili\u00e8re p\u00e2tes et meunerie, avec une attention particuli\u00e8re port\u00e9e \u00e0 l&#8217;importance de la lutte antiparasitaire et de la d\u00e9sinfection pour garantir la continuit\u00e9 op\u00e9rationnelle et la s\u00e9curit\u00e9 alimentaire, du champ \u00e0 l&#8217;assiette. Des experts et sp\u00e9cialistes de l&#8217;ensemble de la fili\u00e8re agroalimentaire seront pr\u00e9sents. <\/span><span style=\"font-weight: 400;\"><br \/>\n<\/span><span style=\"font-weight: 400;\">Une attention particuli\u00e8re sera \u00e9galement port\u00e9e \u00e0 l&#8217;hygi\u00e8ne dans les cantines (scolaires, hospitali\u00e8res et d&#8217;entreprise).<\/span><\/p>\n<p><span style=\"font-weight: 400;\">&nbsp;<\/span><\/p>\n<p>[\/vc_column_text][\/vc_column][vc_column width=&#8221;1\/3&#8243; css=&#8221;.vc_custom_1757956750112{background-color: #ededed !important;border-radius: 2px !important;}&#8221;][vc_column_text css_animation=&#8221;fadeIn&#8221; css=&#8221;.vc_custom_1761168859423{padding-top: 0px !important;padding-right: 40px !important;padding-bottom: 20px !important;padding-left: 40px !important;background-color: #ededed !important;border-radius: 2px !important;}&#8221;]<\/p>\n<p><span style=\"color: #ff6600;\"><b>SANT\u00c9 PUBLIQUE ET PRIV\u00c9E<\/b><\/span><b><br \/>\n<\/b><span style=\"font-weight: 400;\">Un accent particulier sera mis sur le r\u00f4le de l&#8217;assainissement et de la d\u00e9sinsectisation dans les \u00e9tablissements de sant\u00e9 publics et priv\u00e9s, en accordant une attention particuli\u00e8re \u00e0 la pr\u00e9vention des risques biologiques, \u00e0 la s\u00e9curit\u00e9 des patients et au respect des r\u00e8gles d&#8217;hygi\u00e8ne et de sant\u00e9.<\/span><\/p>\n<p><span style=\"font-weight: 400;\">&nbsp;<\/span><\/p>\n<p>[\/vc_column_text][\/vc_column][\/vc_row][vc_row tz_row_type=&#8221;boxed&#8221; full_width=&#8221;stretch_row_content_no_spaces&#8221; content_placement=&#8221;top&#8221; css=&#8221;.vc_custom_1757957371961{margin-top: 80px !important;}&#8221;][vc_column width=&#8221;1\/3&#8243; css=&#8221;.vc_custom_1757956731254{background-color: #ededed !important;border-radius: 2px !important;}&#8221;][vc_column_text css_animation=&#8221;fadeIn&#8221; css=&#8221;.vc_custom_1761168871129{padding-top: 0px !important;padding-right: 40px !important;padding-bottom: 20px !important;padding-left: 40px !important;background-color: #ededed !important;border-radius: 2px !important;}&#8221;]<span style=\"color: #ff6600;\"><b>SPORTS ET INSTALLATIONS SPORTIVES<\/b><b><br \/>\n<\/b><\/span><span style=\"font-weight: 400;\">La lutte antiparasitaire dans le sport sera un autre th\u00e8me majeur du salon PestMed Expo. Les strat\u00e9gies de lutte antiparasitaire pour les \u00e9tablissements d&#8217;h\u00e9bergement et les installations sportives seront approfondies, afin de garantir la protection de la sant\u00e9 publique et le bien-\u00eatre des usagers.<\/span>[\/vc_column_text][\/vc_column][vc_column width=&#8221;1\/3&#8243; css=&#8221;.vc_custom_1757957050185{background-color: #ededed !important;border-radius: 2px !important;}&#8221;][vc_column_text css_animation=&#8221;fadeIn&#8221; css=&#8221;.vc_custom_1761168883728{padding-top: 0px !important;padding-right: 40px !important;padding-bottom: 20px !important;padding-left: 40px !important;background-color: #ededed !important;border-radius: 2px !important;}&#8221;]<span style=\"color: #ff6600;\"><b>TRANSPORT ET LOGISTIQUE<\/b><\/span><span style=\"font-weight: 400;\"><br \/>\n<\/span><span style=\"font-weight: 400;\">La th\u00e9matique de la d\u00e9sinfection et de l&#8217;assainissement dans les secteurs du transport et de la logistique sera approfondie, avec une attention particuli\u00e8re port\u00e9e \u00e0 la protection des marchandises, \u00e0 la s\u00e9curit\u00e9 des op\u00e9rateurs et au respect des r\u00e9glementations sanitaires et d&#8217;hygi\u00e8ne tout au long de la cha\u00eene d&#8217;approvisionnement.<\/span><span style=\"font-weight: 400;\"><br \/>\n<\/span><\/p>\n<p><span style=\"font-weight: 400;\">&nbsp;<\/span>[\/vc_column_text][\/vc_column][vc_column width=&#8221;1\/3&#8243; css=&#8221;.vc_custom_1757956750112{background-color: #ededed !important;border-radius: 2px !important;}&#8221;][vc_column_text css_animation=&#8221;fadeIn&#8221; css=&#8221;.vc_custom_1761168897679{padding-top: 0px !important;padding-right: 40px !important;padding-bottom: 20px !important;padding-left: 40px !important;background-color: #ededed !important;border-radius: 2px !important;}&#8221;]<span style=\"color: #ff6600;\"><b>CHA\u00ceNE D&#8217;APPROVISIONNEMENT DE L&#8217;\u00c9LEVAGE ET DES C\u00c9R\u00c9ALES<\/b><b><br \/>\n<\/b><\/span><span style=\"font-weight: 400;\">L&#8217;importance de la lutte antiparasitaire en \u00e9levage sera au c\u0153ur des conf\u00e9rences. Des professionnels et de grandes entreprises pr\u00e9senteront des solutions innovantes pour prot\u00e9ger le bien-\u00eatre animal et la s\u00e9curit\u00e9 alimentaire.<\/span><br \/>\n[\/vc_column_text][\/vc_column][\/vc_row][vc_row tz_row_type=&#8221;boxed&#8221; full_width=&#8221;stretch_row_content_no_spaces&#8221; equal_height=&#8221;yes&#8221; content_placement=&#8221;top&#8221; css=&#8221;.vc_custom_1757957439661{margin-top: 80px !important;}&#8221;][vc_column width=&#8221;1\/3&#8243; css=&#8221;.vc_custom_1757956731254{background-color: #ededed !important;border-radius: 2px !important;}&#8221;][vc_column_text css_animation=&#8221;fadeIn&#8221; css=&#8221;.vc_custom_1761168909724{padding-top: 0px !important;padding-right: 40px !important;padding-bottom: 20px !important;padding-left: 40px !important;background-color: #ededed !important;border-radius: 2px !important;}&#8221;]<span style=\"color: #ff6600;\"><b>V\u00caTEMENTS TECHNIQUES<\/b><span style=\"font-weight: 400;\"><br \/>\n<\/span><\/span><span style=\"font-weight: 400;\">Dans le cadre des interventions de d\u00e9sinsectisation et d&#8217;assainissement, les v\u00eatements techniques sont essentiels pour garantir la s\u00e9curit\u00e9 et l&#8217;efficacit\u00e9 op\u00e9rationnelle des op\u00e9rateurs. Des solutions visant \u00e0 assurer la protection contre les agents chimiques et biologiques, conform\u00e9ment \u00e0 la r\u00e9glementation en vigueur en mati\u00e8re de s\u00e9curit\u00e9 au travail, seront \u00e9tudi\u00e9es.<\/span><span style=\"font-weight: 400;\"><br \/>\n<\/span>[\/vc_column_text][\/vc_column][\/vc_row][vc_row css=&#8221;.vc_custom_1757957525551{margin-top: 80px !important;}&#8221;][vc_column][vc_column_text]<span style=\"font-weight: 400;\">Les programmes d\u00e9taill\u00e9s des \u00e9v\u00e9nements individuels seront bient\u00f4t disponibles.<\/span>[\/vc_column_text][\/vc_column][\/vc_row]<\/p>\n<\/section>","protected":false},"excerpt":{"rendered":"<p>[vc_row][vc_column width=&#8221;1\/2&#8243;][vc_column_text] CONF\u00c9RENCES, ATELIERS ET ESPACES DE D\u00c9MONSTRATION La troisi\u00e8me \u00e9dition de PestMed, en plus de r\u00e9affirmer son orientation sur les principaux sujets commerciaux et \u00e9ducatifs du secteur, propose des mises \u00e0 jour et des pr\u00e9sentations sur de NOUVEAUX SUJETS d&#8217;int\u00e9r\u00eat national et international. L&#8217;\u00e9dition 2026 de PestMed Expo propose [&hellip;]<\/p>\n","protected":false},"author":3,"featured_media":0,"parent":0,"menu_order":0,"comment_status":"closed","ping_status":"closed","template":"","meta":{"om_disable_all_campaigns":false,"ngg_post_thumbnail":0,"footnotes":""},"class_list":["post-27930","page","type-page","status-publish","hentry"],"yoast_head":"<!-- This site is optimized with the Yoast SEO plugin v25.8 - https:\/\/yoast.com\/wordpress\/plugins\/seo\/ -->\n<title>\u00c9v\u00e9nements 2026 - Pestmed<\/title>\n<meta name=\"description\" content=\"[vc_row][vc_column width=&#8221;1\/2&#8243;][vc_column_text] CONF\u00c9RENCES, ATELIERS ET ESPACES DE D\u00c9MONSTRATION La troisi\u00e8me \u00e9dition de PestMed, en plus de r\u00e9affirmer son orientation sur les principaux sujets commerciaux et \u00e9ducatifs du secteur, propose des mises \u00e0 jour et des pr\u00e9sentations sur de NOUVEAUX SUJETS d&#8217;int\u00e9r\u00eat national et international. L&#8217;\u00e9dition 2026 de PestMed Expo propose [&hellip;]\" \/>\n<meta name=\"robots\" content=\"index, follow, max-snippet:-1, max-image-preview:large, max-video-preview:-1\" \/>\n<link rel=\"canonical\" href=\"https:\/\/www.pestmed.it\/fr\/evenements-2026\/\" \/>\n<meta property=\"og:locale\" content=\"fr_FR\" \/>\n<meta property=\"og:type\" content=\"article\" \/>\n<meta property=\"og:title\" content=\"\u00c9v\u00e9nements 2026 - Pestmed\" \/>\n<meta property=\"og:description\" content=\"[vc_row][vc_column width=&#8221;1\/2&#8243;][vc_column_text] CONF\u00c9RENCES, ATELIERS ET ESPACES DE D\u00c9MONSTRATION La troisi\u00e8me \u00e9dition de PestMed, en plus de r\u00e9affirmer son orientation sur les principaux sujets commerciaux et \u00e9ducatifs du secteur, propose des mises \u00e0 jour et des pr\u00e9sentations sur de NOUVEAUX SUJETS d&#8217;int\u00e9r\u00eat national et international. L&#8217;\u00e9dition 2026 de PestMed Expo propose [&hellip;]\" \/>\n<meta property=\"og:url\" content=\"https:\/\/www.pestmed.it\/fr\/evenements-2026\/\" \/>\n<meta property=\"og:site_name\" content=\"Pestmed\" \/>\n<meta property=\"article:modified_time\" content=\"2025-10-22T21:35:25+00:00\" \/>\n<meta name=\"twitter:card\" content=\"summary_large_image\" \/>\n<meta name=\"twitter:label1\" content=\"Dur\u00e9e de lecture estim\u00e9e\" \/>\n\t<meta name=\"twitter:data1\" content=\"6 minutes\" \/>\n<script type=\"application\/ld+json\" class=\"yoast-schema-graph\">{\"@context\":\"https:\/\/schema.org\",\"@graph\":[{\"@type\":\"WebPage\",\"@id\":\"https:\/\/www.pestmed.it\/fr\/evenements-2026\/\",\"url\":\"https:\/\/www.pestmed.it\/fr\/evenements-2026\/\",\"name\":\"\u00c9v\u00e9nements 2026 - Pestmed\",\"isPartOf\":{\"@id\":\"https:\/\/www.pestmed.it\/#website\"},\"datePublished\":\"2025-09-15T17:13:23+00:00\",\"dateModified\":\"2025-10-22T21:35:25+00:00\",\"breadcrumb\":{\"@id\":\"https:\/\/www.pestmed.it\/fr\/evenements-2026\/#breadcrumb\"},\"inLanguage\":\"fr-FR\",\"potentialAction\":[{\"@type\":\"ReadAction\",\"target\":[\"https:\/\/www.pestmed.it\/fr\/evenements-2026\/\"]}]},{\"@type\":\"BreadcrumbList\",\"@id\":\"https:\/\/www.pestmed.it\/fr\/evenements-2026\/#breadcrumb\",\"itemListElement\":[{\"@type\":\"ListItem\",\"position\":1,\"name\":\"Home\",\"item\":\"https:\/\/www.pestmed.it\/fr\/\"},{\"@type\":\"ListItem\",\"position\":2,\"name\":\"\u00c9v\u00e9nements 2026\"}]},{\"@type\":\"WebSite\",\"@id\":\"https:\/\/www.pestmed.it\/#website\",\"url\":\"https:\/\/www.pestmed.it\/\",\"name\":\"Pestmed\",\"description\":\"La Fiera Evento per i professionisti del Pest Management e della Sanificazione.\",\"potentialAction\":[{\"@type\":\"SearchAction\",\"target\":{\"@type\":\"EntryPoint\",\"urlTemplate\":\"https:\/\/www.pestmed.it\/?s={search_term_string}\"},\"query-input\":{\"@type\":\"PropertyValueSpecification\",\"valueRequired\":true,\"valueName\":\"search_term_string\"}}],\"inLanguage\":\"fr-FR\"}]}<\/script>\n<!-- \/ Yoast SEO plugin. -->","yoast_head_json":{"title":"\u00c9v\u00e9nements 2026 - Pestmed","description":"[vc_row][vc_column width=&#8221;1\/2&#8243;][vc_column_text] CONF\u00c9RENCES, ATELIERS ET ESPACES DE D\u00c9MONSTRATION La troisi\u00e8me \u00e9dition de PestMed, en plus de r\u00e9affirmer son orientation sur les principaux sujets commerciaux et \u00e9ducatifs du secteur, propose des mises \u00e0 jour et des pr\u00e9sentations sur de NOUVEAUX SUJETS d&#8217;int\u00e9r\u00eat national et international. L&#8217;\u00e9dition 2026 de PestMed Expo propose [&hellip;]","robots":{"index":"index","follow":"follow","max-snippet":"max-snippet:-1","max-image-preview":"max-image-preview:large","max-video-preview":"max-video-preview:-1"},"canonical":"https:\/\/www.pestmed.it\/fr\/evenements-2026\/","og_locale":"fr_FR","og_type":"article","og_title":"\u00c9v\u00e9nements 2026 - Pestmed","og_description":"[vc_row][vc_column width=&#8221;1\/2&#8243;][vc_column_text] CONF\u00c9RENCES, ATELIERS ET ESPACES DE D\u00c9MONSTRATION La troisi\u00e8me \u00e9dition de PestMed, en plus de r\u00e9affirmer son orientation sur les principaux sujets commerciaux et \u00e9ducatifs du secteur, propose des mises \u00e0 jour et des pr\u00e9sentations sur de NOUVEAUX SUJETS d&#8217;int\u00e9r\u00eat national et international. L&#8217;\u00e9dition 2026 de PestMed Expo propose [&hellip;]","og_url":"https:\/\/www.pestmed.it\/fr\/evenements-2026\/","og_site_name":"Pestmed","article_modified_time":"2025-10-22T21:35:25+00:00","twitter_card":"summary_large_image","twitter_misc":{"Dur\u00e9e de lecture estim\u00e9e":"6 minutes"},"schema":{"@context":"https:\/\/schema.org","@graph":[{"@type":"WebPage","@id":"https:\/\/www.pestmed.it\/fr\/evenements-2026\/","url":"https:\/\/www.pestmed.it\/fr\/evenements-2026\/","name":"\u00c9v\u00e9nements 2026 - Pestmed","isPartOf":{"@id":"https:\/\/www.pestmed.it\/#website"},"datePublished":"2025-09-15T17:13:23+00:00","dateModified":"2025-10-22T21:35:25+00:00","breadcrumb":{"@id":"https:\/\/www.pestmed.it\/fr\/evenements-2026\/#breadcrumb"},"inLanguage":"fr-FR","potentialAction":[{"@type":"ReadAction","target":["https:\/\/www.pestmed.it\/fr\/evenements-2026\/"]}]},{"@type":"BreadcrumbList","@id":"https:\/\/www.pestmed.it\/fr\/evenements-2026\/#breadcrumb","itemListElement":[{"@type":"ListItem","position":1,"name":"Home","item":"https:\/\/www.pestmed.it\/fr\/"},{"@type":"ListItem","position":2,"name":"\u00c9v\u00e9nements 2026"}]},{"@type":"WebSite","@id":"https:\/\/www.pestmed.it\/#website","url":"https:\/\/www.pestmed.it\/","name":"Pestmed","description":"La Fiera Evento per i professionisti del Pest Management e della Sanificazione.","potentialAction":[{"@type":"SearchAction","target":{"@type":"EntryPoint","urlTemplate":"https:\/\/www.pestmed.it\/?s={search_term_string}"},"query-input":{"@type":"PropertyValueSpecification","valueRequired":true,"valueName":"search_term_string"}}],"inLanguage":"fr-FR"}]}},"_links":{"self":[{"href":"https:\/\/www.pestmed.it\/fr\/wp-json\/wp\/v2\/pages\/27930","targetHints":{"allow":["GET"]}}],"collection":[{"href":"https:\/\/www.pestmed.it\/fr\/wp-json\/wp\/v2\/pages"}],"about":[{"href":"https:\/\/www.pestmed.it\/fr\/wp-json\/wp\/v2\/types\/page"}],"author":[{"embeddable":true,"href":"https:\/\/www.pestmed.it\/fr\/wp-json\/wp\/v2\/users\/3"}],"replies":[{"embeddable":true,"href":"https:\/\/www.pestmed.it\/fr\/wp-json\/wp\/v2\/comments?post=27930"}],"version-history":[{"count":3,"href":"https:\/\/www.pestmed.it\/fr\/wp-json\/wp\/v2\/pages\/27930\/revisions"}],"predecessor-version":[{"id":27933,"href":"https:\/\/www.pestmed.it\/fr\/wp-json\/wp\/v2\/pages\/27930\/revisions\/27933"}],"wp:attachment":[{"href":"https:\/\/www.pestmed.it\/fr\/wp-json\/wp\/v2\/media?parent=27930"}],"curies":[{"name":"wp","href":"https:\/\/api.w.org\/{rel}","templated":true}]}}