{"id":27894,"date":"2023-10-30T19:21:47","date_gmt":"2023-10-30T18:21:47","guid":{"rendered":"https:\/\/www.pestmed.it\/hotel\/"},"modified":"2025-10-22T18:56:20","modified_gmt":"2025-10-22T17:56:20","slug":"hotel","status":"publish","type":"page","link":"https:\/\/www.pestmed.it\/fr\/hotel\/","title":{"rendered":"Hotel"},"content":{"rendered":"<section class=\"wpb-content-wrapper\"><p>[vc_row tz_row_type=&#8221;boxed&#8221; equal_height=&#8221;yes&#8221; css=&#8221;.vc_custom_1469092307171{padding-top: 0px !important;padding-bottom: 104px !important;}&#8221; el_class=&#8221;tz_custom_meetup_padding_2 tz_custom_style_text&#8221;][vc_column width=&#8221;3\/4&#8243; offset=&#8221;vc_col-xs-12&#8243;][vc_column_text]<\/p>\n<h2><span class=\"TextRun SCXW224074729 BCX0\" lang=\"IT-IT\" xml:lang=\"IT-IT\" data-contrast=\"auto\"><span class=\"NormalTextRun SCXW224074729 BCX0\">R\u00e9servez votre <span style=\"color: #ff6600;\">h\u00f4tel<\/span> (3\/4 \u00e9toiles) <span style=\"color: #ff6600;\">dans le centre historique ou dans le quartier des expositions<\/span> \u00e0 des tarifs r\u00e9duits<\/span><\/span><span class=\"EOP SCXW224074729 BCX0\" data-ccp-props=\"{&quot;201341983&quot;:0,&quot;335559739&quot;:160,&quot;335559740&quot;:259}\">&nbsp;<\/span><\/h2>\n<p>[\/vc_column_text][\/vc_column][vc_column width=&#8221;1\/4&#8243; offset=&#8221;vc_col-xs-12&#8243;]\r\n    <div class=\"tz_meetup_btn text-center  \"  >\r\n\r\n        \r\n        \r\n            <a class=\"tz_meetup_bnt_orange\"  href=\"https:\/\/incoming.bolognawelcome.com\/it\/booking\/risultati\/hotel-eventi-e-congressi?StartDate=20260210&amp;EndDate=20260213&amp;Groups=[A1]&amp;IsRoundTrip=True&amp;Features=[FIERA;PES]&amp;SearchId=463eb790-5cb6-49a8-a008-14551e49d7a9\"                style=\"border-radius: \">\r\n                R\u00e9servez maintenant\r\n                \r\n            <\/a>\r\n\r\n        \r\n    <\/div>\r\n\r\n    [\/vc_column][\/vc_row]<\/p>\n<\/section>","protected":false},"excerpt":{"rendered":"<p>[vc_row tz_row_type=&#8221;boxed&#8221; equal_height=&#8221;yes&#8221; css=&#8221;.vc_custom_1469092307171{padding-top: 0px !important;padding-bottom: 104px !important;}&#8221; el_class=&#8221;tz_custom_meetup_padding_2 tz_custom_style_text&#8221;][vc_column width=&#8221;3\/4&#8243; offset=&#8221;vc_col-xs-12&#8243;][vc_column_text] R\u00e9servez votre h\u00f4tel (3\/4 \u00e9toiles) dans le centre historique ou dans le quartier des expositions \u00e0 des tarifs r\u00e9duits&nbsp; [\/vc_column_text][\/vc_column][vc_column width=&#8221;1\/4&#8243; offset=&#8221;vc_col-xs-12&#8243;][\/vc_column][\/vc_row]<\/p>\n","protected":false},"author":3,"featured_media":0,"parent":0,"menu_order":0,"comment_status":"closed","ping_status":"closed","template":"","meta":{"om_disable_all_campaigns":false,"ngg_post_thumbnail":0,"footnotes":""},"class_list":["post-27894","page","type-page","status-publish","hentry"],"yoast_head":"<!-- This site is optimized with the Yoast SEO plugin v25.8 - https:\/\/yoast.com\/wordpress\/plugins\/seo\/ -->\n<title>Hotel - Pestmed<\/title>\n<meta name=\"description\" content=\"[vc_row tz_row_type=&#8221;boxed&#8221; equal_height=&#8221;yes&#8221; css=&#8221;.vc_custom_1469092307171{padding-top: 0px !important;padding-bottom: 104px !important;}&#8221; el_class=&#8221;tz_custom_meetup_padding_2 tz_custom_style_text&#8221;][vc_column width=&#8221;3\/4&#8243; offset=&#8221;vc_col-xs-12&#8243;][vc_column_text] R\u00e9servez votre h\u00f4tel (3\/4 \u00e9toiles) dans le centre historique ou dans le quartier des expositions \u00e0 des tarifs r\u00e9duits&nbsp; [\/vc_column_text][\/vc_column][vc_column width=&#8221;1\/4&#8243; offset=&#8221;vc_col-xs-12&#8243;][\/vc_column][\/vc_row]\" \/>\n<meta name=\"robots\" content=\"index, follow, max-snippet:-1, max-image-preview:large, max-video-preview:-1\" \/>\n<link rel=\"canonical\" href=\"https:\/\/www.pestmed.it\/fr\/hotel\/\" \/>\n<meta property=\"og:locale\" content=\"fr_FR\" \/>\n<meta property=\"og:type\" content=\"article\" \/>\n<meta property=\"og:title\" content=\"Hotel - Pestmed\" \/>\n<meta property=\"og:description\" content=\"[vc_row tz_row_type=&#8221;boxed&#8221; equal_height=&#8221;yes&#8221; css=&#8221;.vc_custom_1469092307171{padding-top: 0px !important;padding-bottom: 104px !important;}&#8221; el_class=&#8221;tz_custom_meetup_padding_2 tz_custom_style_text&#8221;][vc_column width=&#8221;3\/4&#8243; offset=&#8221;vc_col-xs-12&#8243;][vc_column_text] R\u00e9servez votre h\u00f4tel (3\/4 \u00e9toiles) dans le centre historique ou dans le quartier des expositions \u00e0 des tarifs r\u00e9duits&nbsp; [\/vc_column_text][\/vc_column][vc_column width=&#8221;1\/4&#8243; offset=&#8221;vc_col-xs-12&#8243;][\/vc_column][\/vc_row]\" \/>\n<meta property=\"og:url\" content=\"https:\/\/www.pestmed.it\/fr\/hotel\/\" \/>\n<meta property=\"og:site_name\" content=\"Pestmed\" \/>\n<meta property=\"article:modified_time\" content=\"2025-10-22T17:56:20+00:00\" \/>\n<meta name=\"twitter:card\" content=\"summary_large_image\" \/>\n<meta name=\"twitter:label1\" content=\"Dur\u00e9e de lecture estim\u00e9e\" \/>\n\t<meta name=\"twitter:data1\" content=\"1 minute\" \/>\n<script type=\"application\/ld+json\" class=\"yoast-schema-graph\">{\"@context\":\"https:\/\/schema.org\",\"@graph\":[{\"@type\":\"WebPage\",\"@id\":\"https:\/\/www.pestmed.it\/fr\/hotel\/\",\"url\":\"https:\/\/www.pestmed.it\/fr\/hotel\/\",\"name\":\"Hotel - Pestmed\",\"isPartOf\":{\"@id\":\"https:\/\/www.pestmed.it\/#website\"},\"datePublished\":\"2023-10-30T18:21:47+00:00\",\"dateModified\":\"2025-10-22T17:56:20+00:00\",\"breadcrumb\":{\"@id\":\"https:\/\/www.pestmed.it\/fr\/hotel\/#breadcrumb\"},\"inLanguage\":\"fr-FR\",\"potentialAction\":[{\"@type\":\"ReadAction\",\"target\":[\"https:\/\/www.pestmed.it\/fr\/hotel\/\"]}]},{\"@type\":\"BreadcrumbList\",\"@id\":\"https:\/\/www.pestmed.it\/fr\/hotel\/#breadcrumb\",\"itemListElement\":[{\"@type\":\"ListItem\",\"position\":1,\"name\":\"Home\",\"item\":\"https:\/\/www.pestmed.it\/fr\/\"},{\"@type\":\"ListItem\",\"position\":2,\"name\":\"Hotel\"}]},{\"@type\":\"WebSite\",\"@id\":\"https:\/\/www.pestmed.it\/#website\",\"url\":\"https:\/\/www.pestmed.it\/\",\"name\":\"Pestmed\",\"description\":\"La Fiera Evento per i professionisti del Pest Management e della Sanificazione.\",\"potentialAction\":[{\"@type\":\"SearchAction\",\"target\":{\"@type\":\"EntryPoint\",\"urlTemplate\":\"https:\/\/www.pestmed.it\/?s={search_term_string}\"},\"query-input\":{\"@type\":\"PropertyValueSpecification\",\"valueRequired\":true,\"valueName\":\"search_term_string\"}}],\"inLanguage\":\"fr-FR\"}]}<\/script>\n<!-- \/ Yoast SEO plugin. -->","yoast_head_json":{"title":"Hotel - Pestmed","description":"[vc_row tz_row_type=&#8221;boxed&#8221; equal_height=&#8221;yes&#8221; css=&#8221;.vc_custom_1469092307171{padding-top: 0px !important;padding-bottom: 104px !important;}&#8221; el_class=&#8221;tz_custom_meetup_padding_2 tz_custom_style_text&#8221;][vc_column width=&#8221;3\/4&#8243; offset=&#8221;vc_col-xs-12&#8243;][vc_column_text] R\u00e9servez votre h\u00f4tel (3\/4 \u00e9toiles) dans le centre historique ou dans le quartier des expositions \u00e0 des tarifs r\u00e9duits&nbsp; [\/vc_column_text][\/vc_column][vc_column width=&#8221;1\/4&#8243; offset=&#8221;vc_col-xs-12&#8243;][\/vc_column][\/vc_row]","robots":{"index":"index","follow":"follow","max-snippet":"max-snippet:-1","max-image-preview":"max-image-preview:large","max-video-preview":"max-video-preview:-1"},"canonical":"https:\/\/www.pestmed.it\/fr\/hotel\/","og_locale":"fr_FR","og_type":"article","og_title":"Hotel - Pestmed","og_description":"[vc_row tz_row_type=&#8221;boxed&#8221; equal_height=&#8221;yes&#8221; css=&#8221;.vc_custom_1469092307171{padding-top: 0px !important;padding-bottom: 104px !important;}&#8221; el_class=&#8221;tz_custom_meetup_padding_2 tz_custom_style_text&#8221;][vc_column width=&#8221;3\/4&#8243; offset=&#8221;vc_col-xs-12&#8243;][vc_column_text] R\u00e9servez votre h\u00f4tel (3\/4 \u00e9toiles) dans le centre historique ou dans le quartier des expositions \u00e0 des tarifs r\u00e9duits&nbsp; [\/vc_column_text][\/vc_column][vc_column width=&#8221;1\/4&#8243; offset=&#8221;vc_col-xs-12&#8243;][\/vc_column][\/vc_row]","og_url":"https:\/\/www.pestmed.it\/fr\/hotel\/","og_site_name":"Pestmed","article_modified_time":"2025-10-22T17:56:20+00:00","twitter_card":"summary_large_image","twitter_misc":{"Dur\u00e9e de lecture estim\u00e9e":"1 minute"},"schema":{"@context":"https:\/\/schema.org","@graph":[{"@type":"WebPage","@id":"https:\/\/www.pestmed.it\/fr\/hotel\/","url":"https:\/\/www.pestmed.it\/fr\/hotel\/","name":"Hotel - Pestmed","isPartOf":{"@id":"https:\/\/www.pestmed.it\/#website"},"datePublished":"2023-10-30T18:21:47+00:00","dateModified":"2025-10-22T17:56:20+00:00","breadcrumb":{"@id":"https:\/\/www.pestmed.it\/fr\/hotel\/#breadcrumb"},"inLanguage":"fr-FR","potentialAction":[{"@type":"ReadAction","target":["https:\/\/www.pestmed.it\/fr\/hotel\/"]}]},{"@type":"BreadcrumbList","@id":"https:\/\/www.pestmed.it\/fr\/hotel\/#breadcrumb","itemListElement":[{"@type":"ListItem","position":1,"name":"Home","item":"https:\/\/www.pestmed.it\/fr\/"},{"@type":"ListItem","position":2,"name":"Hotel"}]},{"@type":"WebSite","@id":"https:\/\/www.pestmed.it\/#website","url":"https:\/\/www.pestmed.it\/","name":"Pestmed","description":"La Fiera Evento per i professionisti del Pest Management e della Sanificazione.","potentialAction":[{"@type":"SearchAction","target":{"@type":"EntryPoint","urlTemplate":"https:\/\/www.pestmed.it\/?s={search_term_string}"},"query-input":{"@type":"PropertyValueSpecification","valueRequired":true,"valueName":"search_term_string"}}],"inLanguage":"fr-FR"}]}},"_links":{"self":[{"href":"https:\/\/www.pestmed.it\/fr\/wp-json\/wp\/v2\/pages\/27894","targetHints":{"allow":["GET"]}}],"collection":[{"href":"https:\/\/www.pestmed.it\/fr\/wp-json\/wp\/v2\/pages"}],"about":[{"href":"https:\/\/www.pestmed.it\/fr\/wp-json\/wp\/v2\/types\/page"}],"author":[{"embeddable":true,"href":"https:\/\/www.pestmed.it\/fr\/wp-json\/wp\/v2\/users\/3"}],"replies":[{"embeddable":true,"href":"https:\/\/www.pestmed.it\/fr\/wp-json\/wp\/v2\/comments?post=27894"}],"version-history":[{"count":1,"href":"https:\/\/www.pestmed.it\/fr\/wp-json\/wp\/v2\/pages\/27894\/revisions"}],"predecessor-version":[{"id":27895,"href":"https:\/\/www.pestmed.it\/fr\/wp-json\/wp\/v2\/pages\/27894\/revisions\/27895"}],"wp:attachment":[{"href":"https:\/\/www.pestmed.it\/fr\/wp-json\/wp\/v2\/media?parent=27894"}],"curies":[{"name":"wp","href":"https:\/\/api.w.org\/{rel}","templated":true}]}}