{"id":27892,"date":"2023-10-30T15:51:57","date_gmt":"2023-10-30T14:51:57","guid":{"rendered":"https:\/\/www.pestmed.it\/scopri-bologna\/"},"modified":"2025-10-22T22:29:36","modified_gmt":"2025-10-22T21:29:36","slug":"scopri-bologna","status":"publish","type":"page","link":"https:\/\/www.pestmed.it\/fr\/scopri-bologna\/","title":{"rendered":"Scopri Bologna"},"content":{"rendered":"<section class=\"wpb-content-wrapper\"><p>[vc_row][vc_column]    <div class=\"tz_box_title\">\r\n        \r\n            <div class=\"tz_maniva_meetup_title tz_maniva_meetup_title_type1  tz_text_align_center \">\r\n\r\n                \r\n                    <h3 class=\"<br \/>\n<b>Warning<\/b>:  Undefined variable $font_weigth in <b>\/home\/u324052949\/domains\/pestmed.it\/public_html\/wp-content\/plugins\/tz-plazart-meetup\/admin\/vc-extension\/visual-composer\/vc_theme\/title\/tz-title-meetup.php<\/b> on line <b>89<\/b><br \/>\n\"  \">\r\n                    D\u00e9couvrez Bologne et ses environs                    <\/h3>\r\n\r\n                \r\n                \r\n                    <div class=\"tz_image_title_meetup\">\r\n                        <img loading=\"lazy\" decoding=\"async\" width=\"70\" height=\"5\" src=\"https:\/\/www.pestmed.it\/wp-content\/uploads\/2019\/08\/line1.png\" class=\"attachment-full size-full\" alt=\"\" \/>                    <\/div>\r\n\r\n                \r\n                \r\n                \r\n            <\/div>\r\n\r\n            <\/div>\r\n    [\/vc_column][\/vc_row][vc_row tz_row_type=&#8221;boxed&#8221;][vc_column][vc_media_grid element_width=&#8221;3&#8243; grid_id=&#8221;vc_gid:1761168567744-0bf445ce-a932-4&#8243; include=&#8221;5777,5778,5779,5780&#8243;][\/vc_column][\/vc_row][vc_row tz_row_type=&#8221;boxed&#8221;][vc_column][vc_empty_space]    <div class=\"tz_box_title\">\r\n        \r\n            <div class=\"tz_maniva_meetup_title tz_maniva_meetup_title_type1  tz_text_align_center \">\r\n\r\n                \r\n                    <h3 class=\"<br \/>\n<b>Warning<\/b>:  Undefined variable $font_weigth in <b>\/home\/u324052949\/domains\/pestmed.it\/public_html\/wp-content\/plugins\/tz-plazart-meetup\/admin\/vc-extension\/visual-composer\/vc_theme\/title\/tz-title-meetup.php<\/b> on line <b>89<\/b><br \/>\n\"  \">\r\n                                        <\/h3>\r\n\r\n                \r\n                \r\n                    <div class=\"tz_image_title_meetup\">\r\n                        <img loading=\"lazy\" decoding=\"async\" width=\"200\" height=\"59\" src=\"https:\/\/www.pestmed.it\/wp-content\/uploads\/2023\/10\/logo-BW.jpg\" class=\"attachment-full size-full\" alt=\"\" \/>                    <\/div>\r\n\r\n                \r\n                \r\n                    <div class=\"tz_meetup_title_content\">\r\n                        <p>Participer \u00e0 PestMed est une occasion unique de d\u00e9couvrir Bologne, sa ville h\u00f4te. Avec ses arcades et ses attractions, c&#8217;est la destination id\u00e9ale pour un week-end plac\u00e9 sous le signe de la gastronomie, du vin, de l&#8217;art et de la culture.<\/p>\n<p><b>Bologna Welcome<\/b>, une soci\u00e9t\u00e9 du groupe BolognaFiere, est l&#8217;office de tourisme de Bologne et propose des opportunit\u00e9s touristiques tr\u00e8s attractives pour d\u00e9couvrir Bologne et ses environs, riches en attractions touristiques inattendues et en sites culturels, gastronomiques et artistiques. Les points d&#8217;accueil Bologna Welcome sont situ\u00e9s sur la Piazza Maggiore, dans la zone des arriv\u00e9es de l&#8217;a\u00e9roport international G. Marconi, \u00e0 FICO Eataly World et \u00e0 la Fiera. Ils proposent des informations touristiques, un accueil et des services d&#8217;accueil.<\/p>\n                    <\/div>\r\n\r\n                \r\n                \r\n            <\/div>\r\n\r\n            <\/div>\r\n    [vc_empty_space height=&#8221;50px&#8221;]\r\n    <div class=\"tz_meetup_btn text-center  \"  >\r\n\r\n        \r\n        \r\n            <a class=\"tz_meetup_bnt_orange\"  href=\"https:\/\/www.bolognawelcome.com\/it\"                style=\"border-radius: \">\r\n                D\u00c9COUVREZ BOLOGNE ET SES ENVIRONS\r\n                \r\n            <\/a>\r\n\r\n        \r\n    <\/div>\r\n\r\n    [\/vc_column][\/vc_row][vc_row][vc_column][vc_single_image image=&#8221;5782&#8243; img_size=&#8221;full&#8221; alignment=&#8221;center&#8221;][\/vc_column][\/vc_row][vc_row][vc_column][\/vc_column][\/vc_row]<\/p>\n<\/section>","protected":false},"excerpt":{"rendered":"<p>[vc_row][vc_column][\/vc_column][\/vc_row][vc_row tz_row_type=&#8221;boxed&#8221;][vc_column][vc_media_grid element_width=&#8221;3&#8243; grid_id=&#8221;vc_gid:1761168567744-0bf445ce-a932-4&#8243; include=&#8221;5777,5778,5779,5780&#8243;][\/vc_column][\/vc_row][vc_row tz_row_type=&#8221;boxed&#8221;][vc_column][vc_empty_space][vc_empty_space height=&#8221;50px&#8221;][\/vc_column][\/vc_row][vc_row][vc_column][vc_single_image image=&#8221;5782&#8243; img_size=&#8221;full&#8221; alignment=&#8221;center&#8221;][\/vc_column][\/vc_row][vc_row][vc_column][\/vc_column][\/vc_row]<\/p>\n","protected":false},"author":3,"featured_media":0,"parent":0,"menu_order":0,"comment_status":"closed","ping_status":"closed","template":"","meta":{"om_disable_all_campaigns":false,"ngg_post_thumbnail":0,"footnotes":""},"class_list":["post-27892","page","type-page","status-publish","hentry"],"yoast_head":"<!-- This site is optimized with the Yoast SEO plugin v25.8 - https:\/\/yoast.com\/wordpress\/plugins\/seo\/ -->\n<title>Scopri Bologna - Pestmed<\/title>\n<meta name=\"description\" content=\"[vc_row][vc_column][\/vc_column][\/vc_row][vc_row tz_row_type=&#8221;boxed&#8221;][vc_column][vc_media_grid element_width=&#8221;3&#8243; grid_id=&#8221;vc_gid:1761168567744-0bf445ce-a932-4&#8243; include=&#8221;5777,5778,5779,5780&#8243;][\/vc_column][\/vc_row][vc_row tz_row_type=&#8221;boxed&#8221;][vc_column][vc_empty_space][vc_empty_space height=&#8221;50px&#8221;][\/vc_column][\/vc_row][vc_row][vc_column][vc_single_image image=&#8221;5782&#8243; img_size=&#8221;full&#8221; alignment=&#8221;center&#8221;][\/vc_column][\/vc_row][vc_row][vc_column][\/vc_column][\/vc_row]\" \/>\n<meta name=\"robots\" content=\"index, follow, max-snippet:-1, max-image-preview:large, max-video-preview:-1\" \/>\n<link rel=\"canonical\" href=\"https:\/\/www.pestmed.it\/fr\/scopri-bologna\/\" \/>\n<meta property=\"og:locale\" content=\"fr_FR\" \/>\n<meta property=\"og:type\" content=\"article\" \/>\n<meta property=\"og:title\" content=\"Scopri Bologna - Pestmed\" \/>\n<meta property=\"og:description\" content=\"[vc_row][vc_column][\/vc_column][\/vc_row][vc_row tz_row_type=&#8221;boxed&#8221;][vc_column][vc_media_grid element_width=&#8221;3&#8243; grid_id=&#8221;vc_gid:1761168567744-0bf445ce-a932-4&#8243; include=&#8221;5777,5778,5779,5780&#8243;][\/vc_column][\/vc_row][vc_row tz_row_type=&#8221;boxed&#8221;][vc_column][vc_empty_space][vc_empty_space height=&#8221;50px&#8221;][\/vc_column][\/vc_row][vc_row][vc_column][vc_single_image image=&#8221;5782&#8243; img_size=&#8221;full&#8221; alignment=&#8221;center&#8221;][\/vc_column][\/vc_row][vc_row][vc_column][\/vc_column][\/vc_row]\" \/>\n<meta property=\"og:url\" content=\"https:\/\/www.pestmed.it\/fr\/scopri-bologna\/\" \/>\n<meta property=\"og:site_name\" content=\"Pestmed\" \/>\n<meta property=\"article:modified_time\" content=\"2025-10-22T21:29:36+00:00\" \/>\n<meta name=\"twitter:card\" content=\"summary_large_image\" \/>\n<meta name=\"twitter:label1\" content=\"Dur\u00e9e de lecture estim\u00e9e\" \/>\n\t<meta name=\"twitter:data1\" content=\"3 minutes\" \/>\n<script type=\"application\/ld+json\" class=\"yoast-schema-graph\">{\"@context\":\"https:\/\/schema.org\",\"@graph\":[{\"@type\":\"WebPage\",\"@id\":\"https:\/\/www.pestmed.it\/fr\/scopri-bologna\/\",\"url\":\"https:\/\/www.pestmed.it\/fr\/scopri-bologna\/\",\"name\":\"Scopri Bologna - Pestmed\",\"isPartOf\":{\"@id\":\"https:\/\/www.pestmed.it\/#website\"},\"datePublished\":\"2023-10-30T14:51:57+00:00\",\"dateModified\":\"2025-10-22T21:29:36+00:00\",\"breadcrumb\":{\"@id\":\"https:\/\/www.pestmed.it\/fr\/scopri-bologna\/#breadcrumb\"},\"inLanguage\":\"fr-FR\",\"potentialAction\":[{\"@type\":\"ReadAction\",\"target\":[\"https:\/\/www.pestmed.it\/fr\/scopri-bologna\/\"]}]},{\"@type\":\"BreadcrumbList\",\"@id\":\"https:\/\/www.pestmed.it\/fr\/scopri-bologna\/#breadcrumb\",\"itemListElement\":[{\"@type\":\"ListItem\",\"position\":1,\"name\":\"Home\",\"item\":\"https:\/\/www.pestmed.it\/fr\/\"},{\"@type\":\"ListItem\",\"position\":2,\"name\":\"Scopri Bologna\"}]},{\"@type\":\"WebSite\",\"@id\":\"https:\/\/www.pestmed.it\/#website\",\"url\":\"https:\/\/www.pestmed.it\/\",\"name\":\"Pestmed\",\"description\":\"La Fiera Evento per i professionisti del Pest Management e della Sanificazione.\",\"potentialAction\":[{\"@type\":\"SearchAction\",\"target\":{\"@type\":\"EntryPoint\",\"urlTemplate\":\"https:\/\/www.pestmed.it\/?s={search_term_string}\"},\"query-input\":{\"@type\":\"PropertyValueSpecification\",\"valueRequired\":true,\"valueName\":\"search_term_string\"}}],\"inLanguage\":\"fr-FR\"}]}<\/script>\n<!-- \/ Yoast SEO plugin. -->","yoast_head_json":{"title":"Scopri Bologna - Pestmed","description":"[vc_row][vc_column][\/vc_column][\/vc_row][vc_row tz_row_type=&#8221;boxed&#8221;][vc_column][vc_media_grid element_width=&#8221;3&#8243; grid_id=&#8221;vc_gid:1761168567744-0bf445ce-a932-4&#8243; include=&#8221;5777,5778,5779,5780&#8243;][\/vc_column][\/vc_row][vc_row tz_row_type=&#8221;boxed&#8221;][vc_column][vc_empty_space][vc_empty_space height=&#8221;50px&#8221;][\/vc_column][\/vc_row][vc_row][vc_column][vc_single_image image=&#8221;5782&#8243; img_size=&#8221;full&#8221; alignment=&#8221;center&#8221;][\/vc_column][\/vc_row][vc_row][vc_column][\/vc_column][\/vc_row]","robots":{"index":"index","follow":"follow","max-snippet":"max-snippet:-1","max-image-preview":"max-image-preview:large","max-video-preview":"max-video-preview:-1"},"canonical":"https:\/\/www.pestmed.it\/fr\/scopri-bologna\/","og_locale":"fr_FR","og_type":"article","og_title":"Scopri Bologna - Pestmed","og_description":"[vc_row][vc_column][\/vc_column][\/vc_row][vc_row tz_row_type=&#8221;boxed&#8221;][vc_column][vc_media_grid element_width=&#8221;3&#8243; grid_id=&#8221;vc_gid:1761168567744-0bf445ce-a932-4&#8243; include=&#8221;5777,5778,5779,5780&#8243;][\/vc_column][\/vc_row][vc_row tz_row_type=&#8221;boxed&#8221;][vc_column][vc_empty_space][vc_empty_space height=&#8221;50px&#8221;][\/vc_column][\/vc_row][vc_row][vc_column][vc_single_image image=&#8221;5782&#8243; img_size=&#8221;full&#8221; alignment=&#8221;center&#8221;][\/vc_column][\/vc_row][vc_row][vc_column][\/vc_column][\/vc_row]","og_url":"https:\/\/www.pestmed.it\/fr\/scopri-bologna\/","og_site_name":"Pestmed","article_modified_time":"2025-10-22T21:29:36+00:00","twitter_card":"summary_large_image","twitter_misc":{"Dur\u00e9e de lecture estim\u00e9e":"3 minutes"},"schema":{"@context":"https:\/\/schema.org","@graph":[{"@type":"WebPage","@id":"https:\/\/www.pestmed.it\/fr\/scopri-bologna\/","url":"https:\/\/www.pestmed.it\/fr\/scopri-bologna\/","name":"Scopri Bologna - Pestmed","isPartOf":{"@id":"https:\/\/www.pestmed.it\/#website"},"datePublished":"2023-10-30T14:51:57+00:00","dateModified":"2025-10-22T21:29:36+00:00","breadcrumb":{"@id":"https:\/\/www.pestmed.it\/fr\/scopri-bologna\/#breadcrumb"},"inLanguage":"fr-FR","potentialAction":[{"@type":"ReadAction","target":["https:\/\/www.pestmed.it\/fr\/scopri-bologna\/"]}]},{"@type":"BreadcrumbList","@id":"https:\/\/www.pestmed.it\/fr\/scopri-bologna\/#breadcrumb","itemListElement":[{"@type":"ListItem","position":1,"name":"Home","item":"https:\/\/www.pestmed.it\/fr\/"},{"@type":"ListItem","position":2,"name":"Scopri Bologna"}]},{"@type":"WebSite","@id":"https:\/\/www.pestmed.it\/#website","url":"https:\/\/www.pestmed.it\/","name":"Pestmed","description":"La Fiera Evento per i professionisti del Pest Management e della Sanificazione.","potentialAction":[{"@type":"SearchAction","target":{"@type":"EntryPoint","urlTemplate":"https:\/\/www.pestmed.it\/?s={search_term_string}"},"query-input":{"@type":"PropertyValueSpecification","valueRequired":true,"valueName":"search_term_string"}}],"inLanguage":"fr-FR"}]}},"_links":{"self":[{"href":"https:\/\/www.pestmed.it\/fr\/wp-json\/wp\/v2\/pages\/27892","targetHints":{"allow":["GET"]}}],"collection":[{"href":"https:\/\/www.pestmed.it\/fr\/wp-json\/wp\/v2\/pages"}],"about":[{"href":"https:\/\/www.pestmed.it\/fr\/wp-json\/wp\/v2\/types\/page"}],"author":[{"embeddable":true,"href":"https:\/\/www.pestmed.it\/fr\/wp-json\/wp\/v2\/users\/3"}],"replies":[{"embeddable":true,"href":"https:\/\/www.pestmed.it\/fr\/wp-json\/wp\/v2\/comments?post=27892"}],"version-history":[{"count":3,"href":"https:\/\/www.pestmed.it\/fr\/wp-json\/wp\/v2\/pages\/27892\/revisions"}],"predecessor-version":[{"id":27927,"href":"https:\/\/www.pestmed.it\/fr\/wp-json\/wp\/v2\/pages\/27892\/revisions\/27927"}],"wp:attachment":[{"href":"https:\/\/www.pestmed.it\/fr\/wp-json\/wp\/v2\/media?parent=27892"}],"curies":[{"name":"wp","href":"https:\/\/api.w.org\/{rel}","templated":true}]}}