{"id":27873,"date":"2023-10-22T21:48:05","date_gmt":"2023-10-22T20:48:05","guid":{"rendered":"https:\/\/www.pestmed.it\/buyer\/"},"modified":"2025-12-21T18:16:27","modified_gmt":"2025-12-21T17:16:27","slug":"buyer","status":"publish","type":"page","link":"https:\/\/www.pestmed.it\/fr\/buyer\/","title":{"rendered":"Buyer"},"content":{"rendered":"<section class=\"wpb-content-wrapper\"><p>[vc_row content_placement=&#8221;middle&#8221; css=&#8221;.vc_custom_1757958052106{background-color: #1e73be !important;}&#8221;][vc_column width=&#8221;1\/2&#8243; css=&#8221;.vc_custom_1757957743182{padding-top: 40px !important;padding-right: 40px !important;padding-bottom: 40px !important;padding-left: 40px !important;}&#8221;][vc_column_text]<span style=\"color: #ffffff; font-size: 18pt;\"><span style=\"color: #ff6600;\"><strong>PestMed<\/strong><\/span> est l&#8217;occasion de favoriser les rencontres entre les acheteurs italiens et internationaux et les entreprises leaders du secteur de la lutte antiparasitaire et de l&#8217;assainissement. \u00c9v\u00e9nement incontournable du salon, inscrit aux principaux calendriers internationaux, chaque \u00e9dition s&#8217;impose comme une opportunit\u00e9 strat\u00e9gique pour d\u00e9velopper de nouvelles relations commerciales.<\/span><\/p>\n<p><span style=\"color: #ffffff; font-size: 18pt;\">Les exposants auront \u00e9galement acc\u00e8s \u00e0 un espace acheteurs, o\u00f9 une \u00e9quipe sera \u00e0 la disposition de tous les professionnels pour leur offrir une opportunit\u00e9 commerciale unique.<\/span>[\/vc_column_text][\/vc_column][vc_column width=&#8221;1\/2&#8243; css=&#8221;.vc_custom_1757957751739{padding-top: 40px !important;padding-right: 40px !important;padding-bottom: 40px !important;padding-left: 40px !important;}&#8221;][vc_single_image image=&#8221;18230&#8243; img_size=&#8221;full&#8221; alignment=&#8221;center&#8221;][\/vc_column][\/vc_row][vc_row css=&#8221;.vc_custom_1757958154993{padding-top: 40px !important;padding-bottom: 40px !important;}&#8221;][vc_column][vc_column_text]<\/p>\n<p style=\"text-align: center;\"><span style=\"font-size: 18pt;\"><strong>PESTMED<\/strong> propose un espace priv\u00e9, avec des salons d&#8217;affaires et un personnel qualifi\u00e9, dont des h\u00f4tesses multilingues, pour accompagner les visiteurs et exposants internationaux. Cet espace est con\u00e7u pour faciliter les rencontres professionnelles dans un contexte de discr\u00e9tion et d&#8217;efficacit\u00e9 maximales.<\/span><\/p>\n<p>&nbsp;<\/p>\n<h2 style=\"text-align: center;\"><span style=\"color: #ff6600;\">Gr\u00e2ce au Salon des Acheteurs, il sera possible de&nbsp;:<\/span><\/h2>\n<p>[\/vc_column_text][\/vc_column][\/vc_row][vc_row][vc_column width=&#8221;1\/4&#8243;][vc_column_text]<span style=\"font-size: 14pt;\"><span style=\"color: #ff6600;\"><strong>Planifier<\/strong><\/span> des r\u00e9unions B2B avec des acheteurs s\u00e9lectionn\u00e9s<\/span>[\/vc_column_text][\/vc_column][vc_column width=&#8221;1\/4&#8243;][vc_column_text]<span style=\"font-size: 14pt;\"><span style=\"color: #ff6600;\"><strong>Am\u00e9liorer<\/strong><\/span> et enrichir l&#8217;exp\u00e9rience salon pour les entreprises et les professionnels<\/span>[\/vc_column_text][\/vc_column][vc_column width=&#8221;1\/4&#8243;][vc_column_text]<span style=\"font-size: 14pt;\"><strong><span style=\"color: #ff6600;\">Cr\u00e9er<\/span> <\/strong>de nouvelles synergies entre les entreprises, les fournisseurs et les d\u00e9cideurs<\/span>[\/vc_column_text][\/vc_column][vc_column width=&#8221;1\/4&#8243;][vc_column_text]<span style=\"font-size: 14pt;\"><span style=\"color: #ff6600;\"><strong>Boostez votre activit\u00e9 \u00e0 l&#8217;\u00e9chelle nationale et internationale<\/strong><\/span>[\/vc_column_text][\/vc_column][\/vc_row][vc_row][vc_column][vc_column_text css=&#8221;.vc_custom_1761154956327{margin-top: 60px !important;}&#8221;]<\/span><\/p>\n<p style=\"text-align: center;\"><span style=\"font-size: 18pt;\"><strong><span class=\"il\">PestMed<\/span><\/strong>&nbsp;la r\u00e9f\u00e9rence dans le panorama des salons internationaux, accueille \u00e0 chaque \u00e9dition&nbsp;<strong>des acheteurs et op\u00e9rateurs qualifi\u00e9s de march\u00e9s strat\u00e9giques.<\/strong><\/span><\/p>\n<p>[\/vc_column_text][\/vc_column][\/vc_row][vc_row content_placement=&#8221;middle&#8221; css=&#8221;.vc_custom_1758725073523{margin-top: 80px !important;margin-bottom: 80px !important;}&#8221;][vc_column width=&#8221;1\/4&#8243;][vc_single_image image=&#8221;18221&#8243; img_size=&#8221;medium&#8221; alignment=&#8221;center&#8221;][\/vc_column][vc_column width=&#8221;1\/4&#8243;][vc_single_image image=&#8221;18218&#8243; img_size=&#8221;medium&#8221; alignment=&#8221;center&#8221;][\/vc_column][vc_column width=&#8221;1\/4&#8243;][vc_single_image image=&#8221;18212&#8243; img_size=&#8221;medium&#8221; alignment=&#8221;center&#8221;][\/vc_column][vc_column width=&#8221;1\/4&#8243;][vc_single_image image=&#8221;18209&#8243; img_size=&#8221;medium&#8221; alignment=&#8221;center&#8221;][\/vc_column][\/vc_row][vc_row content_placement=&#8221;middle&#8221; css=&#8221;.vc_custom_1758725073523{margin-top: 80px !important;margin-bottom: 80px !important;}&#8221;][vc_column width=&#8221;1\/4&#8243;][vc_single_image image=&#8221;37947&#8243; img_size=&#8221;medium&#8221; alignment=&#8221;center&#8221;][\/vc_column][vc_column width=&#8221;1\/4&#8243;][vc_single_image image=&#8221;18202&#8243; img_size=&#8221;medium&#8221; alignment=&#8221;center&#8221;][\/vc_column][vc_column width=&#8221;1\/4&#8243;][\/vc_column][vc_column width=&#8221;1\/4&#8243;][\/vc_column][\/vc_row][vc_row][vc_column][vc_raw_html]JTNDZGl2JTIwY2xhc3MlM0QlMjJjb250YWluZXJCdG5MaW5rVGlja2V0JTIyJTNFJTNDYSUyMGhyZWYlM0QlMjJodHRwJTNBJTJGJTJGYm9sb2duYWZpZXJlLnZpdmF0aWNrZXQuY29tJTJGUEVTVE1FRDIwMjYlMkZSZWdpc3RyYXRpb24lM0ZTZXRsYW5ndWFnZSUzRGVuLVVTJTIyJTIwdGFyZ2V0JTNEJTIyX2JsYW5rJTIyJTNFJTBBVklTSVRFWiUyMFBFU1RNRUQlMjAyMDI2JTIwLSUyMEJJTExFVCUzQyUyRmElM0UlM0MlMkZkaXYlM0UlMEElMEElM0NzdHlsZSUzRSUwQS5jb250YWluZXJCdG5MaW5rVGlja2V0JTIwJTdCJTBBdGV4dC1hbGlnbiUzQWNlbnRlciUzQiUwQXBhZGRpbmclM0ElMjAzNXB4JTNCJTBBJTdEJTBBLmNvbnRhaW5lckJ0bkxpbmtUaWNrZXQlMjBhJTIwJTdCJTBBJTIwJTIwJTIwJTIwY29sb3IlM0ElMjAlMjNlZTc3MDAlM0IlMEElMjAlMjAlMjAlMjBib3JkZXItY29sb3IlM0ElMjAlMjNlZTc3MDAlM0IlMEFib3JkZXIlM0EycHglMjBzb2xpZCUzQiUwQSUyMCUyMCUyMCUyMGZvbnQtc2l6ZSUzQSUyMDIycHglM0IlMEElMjAlMjAlMjAlMjBwYWRkaW5nJTNBJTIwMjVweCUyMDUwcHglM0IlMEFib3JkZXItcmFkaXVzJTNBMzVweCUzQiUwQWZvbnQtd2VpZ2h0JTNBNDAwJTNCJTBBJTdEJTBBLmNvbnRhaW5lckJ0bkxpbmtUaWNrZXQlMjBhJTNBaG92ZXIlMjAlN0IlMEElMjAlMjAlMjAlMjBjb2xvciUzQSUyMCUyM2ZmZiUzQiUwQSUyMCUyMCUyMCUyMGJhY2tncm91bmQtY29sb3IlM0ElMjAlMjNlZTc3MDAlM0IlMEElN0QlMEElM0MlMkZzdHlsZSUzRQ==[\/vc_raw_html][\/vc_column][\/vc_row]<\/p>\n<\/section>","protected":false},"excerpt":{"rendered":"<p>[vc_row content_placement=&#8221;middle&#8221; css=&#8221;.vc_custom_1757958052106{background-color: #1e73be !important;}&#8221;][vc_column width=&#8221;1\/2&#8243; css=&#8221;.vc_custom_1757957743182{padding-top: 40px !important;padding-right: 40px !important;padding-bottom: 40px !important;padding-left: 40px !important;}&#8221;][vc_column_text]PestMed est l&#8217;occasion de favoriser les rencontres entre les acheteurs italiens et internationaux et les entreprises leaders du secteur de la lutte antiparasitaire et de l&#8217;assainissement. \u00c9v\u00e9nement incontournable du salon, inscrit aux principaux calendriers internationaux, chaque [&hellip;]<\/p>\n","protected":false},"author":3,"featured_media":0,"parent":0,"menu_order":0,"comment_status":"closed","ping_status":"closed","template":"","meta":{"om_disable_all_campaigns":false,"ngg_post_thumbnail":0,"footnotes":""},"class_list":["post-27873","page","type-page","status-publish","hentry"],"yoast_head":"<!-- This site is optimized with the Yoast SEO plugin v25.8 - https:\/\/yoast.com\/wordpress\/plugins\/seo\/ -->\n<title>Buyer - Pestmed<\/title>\n<meta name=\"description\" content=\"[vc_row content_placement=&#8221;middle&#8221; css=&#8221;.vc_custom_1757958052106{background-color: #1e73be !important;}&#8221;][vc_column width=&#8221;1\/2&#8243; css=&#8221;.vc_custom_1757957743182{padding-top: 40px !important;padding-right: 40px !important;padding-bottom: 40px !important;padding-left: 40px !important;}&#8221;][vc_column_text]PestMed est l&#8217;occasion de favoriser les rencontres entre les acheteurs italiens et internationaux et les entreprises leaders du secteur de la lutte antiparasitaire et de l&#8217;assainissement. \u00c9v\u00e9nement incontournable du salon, inscrit aux principaux calendriers internationaux, chaque [&hellip;]\" \/>\n<meta name=\"robots\" content=\"index, follow, max-snippet:-1, max-image-preview:large, max-video-preview:-1\" \/>\n<link rel=\"canonical\" href=\"https:\/\/www.pestmed.it\/fr\/buyer\/\" \/>\n<meta property=\"og:locale\" content=\"fr_FR\" \/>\n<meta property=\"og:type\" content=\"article\" \/>\n<meta property=\"og:title\" content=\"Buyer - Pestmed\" \/>\n<meta property=\"og:description\" content=\"[vc_row content_placement=&#8221;middle&#8221; css=&#8221;.vc_custom_1757958052106{background-color: #1e73be !important;}&#8221;][vc_column width=&#8221;1\/2&#8243; css=&#8221;.vc_custom_1757957743182{padding-top: 40px !important;padding-right: 40px !important;padding-bottom: 40px !important;padding-left: 40px !important;}&#8221;][vc_column_text]PestMed est l&#8217;occasion de favoriser les rencontres entre les acheteurs italiens et internationaux et les entreprises leaders du secteur de la lutte antiparasitaire et de l&#8217;assainissement. \u00c9v\u00e9nement incontournable du salon, inscrit aux principaux calendriers internationaux, chaque [&hellip;]\" \/>\n<meta property=\"og:url\" content=\"https:\/\/www.pestmed.it\/fr\/buyer\/\" \/>\n<meta property=\"og:site_name\" content=\"Pestmed\" \/>\n<meta property=\"article:modified_time\" content=\"2025-12-21T17:16:27+00:00\" \/>\n<meta name=\"twitter:card\" content=\"summary_large_image\" \/>\n<meta name=\"twitter:label1\" content=\"Dur\u00e9e de lecture estim\u00e9e\" \/>\n\t<meta name=\"twitter:data1\" content=\"3 minutes\" \/>\n<script type=\"application\/ld+json\" class=\"yoast-schema-graph\">{\"@context\":\"https:\/\/schema.org\",\"@graph\":[{\"@type\":\"WebPage\",\"@id\":\"https:\/\/www.pestmed.it\/fr\/buyer\/\",\"url\":\"https:\/\/www.pestmed.it\/fr\/buyer\/\",\"name\":\"Buyer - Pestmed\",\"isPartOf\":{\"@id\":\"https:\/\/www.pestmed.it\/#website\"},\"datePublished\":\"2023-10-22T20:48:05+00:00\",\"dateModified\":\"2025-12-21T17:16:27+00:00\",\"breadcrumb\":{\"@id\":\"https:\/\/www.pestmed.it\/fr\/buyer\/#breadcrumb\"},\"inLanguage\":\"fr-FR\",\"potentialAction\":[{\"@type\":\"ReadAction\",\"target\":[\"https:\/\/www.pestmed.it\/fr\/buyer\/\"]}]},{\"@type\":\"BreadcrumbList\",\"@id\":\"https:\/\/www.pestmed.it\/fr\/buyer\/#breadcrumb\",\"itemListElement\":[{\"@type\":\"ListItem\",\"position\":1,\"name\":\"Home\",\"item\":\"https:\/\/www.pestmed.it\/fr\/\"},{\"@type\":\"ListItem\",\"position\":2,\"name\":\"Buyer\"}]},{\"@type\":\"WebSite\",\"@id\":\"https:\/\/www.pestmed.it\/#website\",\"url\":\"https:\/\/www.pestmed.it\/\",\"name\":\"Pestmed\",\"description\":\"La Fiera Evento per i professionisti del Pest Management e della Sanificazione.\",\"potentialAction\":[{\"@type\":\"SearchAction\",\"target\":{\"@type\":\"EntryPoint\",\"urlTemplate\":\"https:\/\/www.pestmed.it\/?s={search_term_string}\"},\"query-input\":{\"@type\":\"PropertyValueSpecification\",\"valueRequired\":true,\"valueName\":\"search_term_string\"}}],\"inLanguage\":\"fr-FR\"}]}<\/script>\n<!-- \/ Yoast SEO plugin. -->","yoast_head_json":{"title":"Buyer - Pestmed","description":"[vc_row content_placement=&#8221;middle&#8221; css=&#8221;.vc_custom_1757958052106{background-color: #1e73be !important;}&#8221;][vc_column width=&#8221;1\/2&#8243; css=&#8221;.vc_custom_1757957743182{padding-top: 40px !important;padding-right: 40px !important;padding-bottom: 40px !important;padding-left: 40px !important;}&#8221;][vc_column_text]PestMed est l&#8217;occasion de favoriser les rencontres entre les acheteurs italiens et internationaux et les entreprises leaders du secteur de la lutte antiparasitaire et de l&#8217;assainissement. \u00c9v\u00e9nement incontournable du salon, inscrit aux principaux calendriers internationaux, chaque [&hellip;]","robots":{"index":"index","follow":"follow","max-snippet":"max-snippet:-1","max-image-preview":"max-image-preview:large","max-video-preview":"max-video-preview:-1"},"canonical":"https:\/\/www.pestmed.it\/fr\/buyer\/","og_locale":"fr_FR","og_type":"article","og_title":"Buyer - Pestmed","og_description":"[vc_row content_placement=&#8221;middle&#8221; css=&#8221;.vc_custom_1757958052106{background-color: #1e73be !important;}&#8221;][vc_column width=&#8221;1\/2&#8243; css=&#8221;.vc_custom_1757957743182{padding-top: 40px !important;padding-right: 40px !important;padding-bottom: 40px !important;padding-left: 40px !important;}&#8221;][vc_column_text]PestMed est l&#8217;occasion de favoriser les rencontres entre les acheteurs italiens et internationaux et les entreprises leaders du secteur de la lutte antiparasitaire et de l&#8217;assainissement. \u00c9v\u00e9nement incontournable du salon, inscrit aux principaux calendriers internationaux, chaque [&hellip;]","og_url":"https:\/\/www.pestmed.it\/fr\/buyer\/","og_site_name":"Pestmed","article_modified_time":"2025-12-21T17:16:27+00:00","twitter_card":"summary_large_image","twitter_misc":{"Dur\u00e9e de lecture estim\u00e9e":"3 minutes"},"schema":{"@context":"https:\/\/schema.org","@graph":[{"@type":"WebPage","@id":"https:\/\/www.pestmed.it\/fr\/buyer\/","url":"https:\/\/www.pestmed.it\/fr\/buyer\/","name":"Buyer - Pestmed","isPartOf":{"@id":"https:\/\/www.pestmed.it\/#website"},"datePublished":"2023-10-22T20:48:05+00:00","dateModified":"2025-12-21T17:16:27+00:00","breadcrumb":{"@id":"https:\/\/www.pestmed.it\/fr\/buyer\/#breadcrumb"},"inLanguage":"fr-FR","potentialAction":[{"@type":"ReadAction","target":["https:\/\/www.pestmed.it\/fr\/buyer\/"]}]},{"@type":"BreadcrumbList","@id":"https:\/\/www.pestmed.it\/fr\/buyer\/#breadcrumb","itemListElement":[{"@type":"ListItem","position":1,"name":"Home","item":"https:\/\/www.pestmed.it\/fr\/"},{"@type":"ListItem","position":2,"name":"Buyer"}]},{"@type":"WebSite","@id":"https:\/\/www.pestmed.it\/#website","url":"https:\/\/www.pestmed.it\/","name":"Pestmed","description":"La Fiera Evento per i professionisti del Pest Management e della Sanificazione.","potentialAction":[{"@type":"SearchAction","target":{"@type":"EntryPoint","urlTemplate":"https:\/\/www.pestmed.it\/?s={search_term_string}"},"query-input":{"@type":"PropertyValueSpecification","valueRequired":true,"valueName":"search_term_string"}}],"inLanguage":"fr-FR"}]}},"_links":{"self":[{"href":"https:\/\/www.pestmed.it\/fr\/wp-json\/wp\/v2\/pages\/27873","targetHints":{"allow":["GET"]}}],"collection":[{"href":"https:\/\/www.pestmed.it\/fr\/wp-json\/wp\/v2\/pages"}],"about":[{"href":"https:\/\/www.pestmed.it\/fr\/wp-json\/wp\/v2\/types\/page"}],"author":[{"embeddable":true,"href":"https:\/\/www.pestmed.it\/fr\/wp-json\/wp\/v2\/users\/3"}],"replies":[{"embeddable":true,"href":"https:\/\/www.pestmed.it\/fr\/wp-json\/wp\/v2\/comments?post=27873"}],"version-history":[{"count":4,"href":"https:\/\/www.pestmed.it\/fr\/wp-json\/wp\/v2\/pages\/27873\/revisions"}],"predecessor-version":[{"id":37951,"href":"https:\/\/www.pestmed.it\/fr\/wp-json\/wp\/v2\/pages\/27873\/revisions\/37951"}],"wp:attachment":[{"href":"https:\/\/www.pestmed.it\/fr\/wp-json\/wp\/v2\/media?parent=27873"}],"curies":[{"name":"wp","href":"https:\/\/api.w.org\/{rel}","templated":true}]}}